{"id":3821,"date":"2020-04-08T08:45:57","date_gmt":"2020-04-08T08:45:57","guid":{"rendered":"https:\/\/var-lak.hu\/service\/lakoma\/"},"modified":"2021-06-28T11:00:34","modified_gmt":"2021-06-28T11:00:34","slug":"feast","status":"publish","type":"page","link":"https:\/\/var-lak.hu\/en\/service\/feast\/","title":{"rendered":"Feast"},"content":{"rendered":"<p>[vc_row content_placement=&#8221;top&#8221; css=&#8221;.vc_custom_1586278600071{margin-top: 60px !important;margin-bottom: 60px !important;}&#8221;][vc_column width=&#8221;1\/2&#8243;]<div style=\"background-color:;height: 10px\" class=\"nicdark_section  \"><\/div> <h1 style=\"color:;padding:20px;text-align:;font-size:25px;line-height:55px;letter-spacing: px;font-weight:normal\" class=\"  nd_options_text_align_center_responsive_important nd_options_slogan_text nd_options_first_font \">Feast<\/h1> [vc_column_text]There is no restaurant in Szendr\u0151, but catering can be requested with prior registration, we are at your service in the ordering and coordination.[\/vc_column_text]<div style=\"background-color:;height: 10px\" class=\"nicdark_section  \"><\/div>[vc_column_text]Ha a kedves vend\u00e9g\u00fcnk nem szeretne \u00e9tteremben id\u0151zni, vagy szendvicsek csomagol\u00e1s\u00e1val id\u0151t t\u00f6lteni rendelhet piknik kosarat is a kir\u00e1ndul\u00e1shoz! Piknik kosaraink alapvet\u0151en 2 \u00e9s 4 adagos m\u00e9retekben rendelhet\u0151k, k\u00fcl\u00f6n k\u00e9r\u00e9s alapj\u00e1n egyedi csomagokat \u00f6ssze\u00e1ll\u00edtunk. Minden piknik kos\u00e1r tartalmaz 1 db gy\u00e9k\u00e9nysz\u0151nyeget vagy pokr\u00f3cot, a sz\u00fcks\u00e9ges \u00e9tk\u00e9szletet. A kosarat 1 napra a vend\u00e9g rendelkez\u00e9s\u00e9re bocs\u00e1tjuk. A kosarak tartalm\u00e1t tekintve el\u0151zetes egyeztet\u00e9s alapj\u00e1n egyedi k\u00e9r\u00e9seknek is megpr\u00f3b\u00e1lunk eleget tenni.[\/vc_column_text]<div style=\"background-color:;height: 10px\" class=\"nicdark_section  \"><\/div>[vc_column_text]\u00c9tkez\u00e9si d\u00edj: 3500 Ft &#8211; 5000 Ft\/f\u0151\/nap[\/vc_column_text]<div style=\"background-color:;height: 10px\" class=\"nicdark_section  \"><\/div>[\/vc_column][vc_column width=&#8221;1\/2&#8243;][vc_row_inner][vc_column_inner width=&#8221;1\/2&#8243;]<div style=\"background-color:;height: 10px\" class=\"nicdark_section  \"><\/div>[vc_single_image image=&#8221;1770&#8243; img_size=&#8221;full&#8221; alignment=&#8221;center&#8221; style=&#8221;vc_box_shadow_3d&#8221; onclick=&#8221;link_image&#8221;]<div style=\"background-color:;height: 10px\" class=\"nicdark_section  \"><\/div>[\/vc_column_inner][vc_column_inner width=&#8221;1\/2&#8243;]<div style=\"background-color:;height: 10px\" class=\"nicdark_section  \"><\/div>[vc_single_image image=&#8221;3654&#8243; img_size=&#8221;full&#8221; alignment=&#8221;center&#8221; style=&#8221;vc_box_shadow_3d&#8221; onclick=&#8221;link_image&#8221;]<div style=\"background-color:;height: 10px\" class=\"nicdark_section  \"><\/div>[\/vc_column_inner][\/vc_row_inner]<div style=\"background-color:;height: 10px\" class=\"nicdark_section  \"><\/div>[\/vc_column][\/vc_row][vc_row full_width=&#8221;stretch_row&#8221; content_placement=&#8221;middle&#8221; parallax=&#8221;content-moving&#8221; parallax_image=&#8221;2268&#8243; css=&#8221;.vc_custom_1586346694300{margin-top: 65px !important;padding-top: 80px !important;padding-bottom: 80px !important;}&#8221; el_class=&#8221;nd_options_vc_parallax_filter_1_3&#8243;][vc_column width=&#8221;1\/3&#8243; css=&#8221;.vc_custom_1586342810382{margin-top: 10px !important;margin-right: 10px !important;margin-bottom: 10px !important;margin-left: 10px !important;background-color: #ffffff !important;}&#8221;]<div style=\"background-color:;height: 10px\" class=\"nicdark_section  \"><\/div>[vc_column_text css=&#8221;.vc_custom_1586340366759{margin-top: 55px !important;padding-right: 20px !important;padding-left: 20px !important;}&#8221;]VID\u00c9KI \u00cdZEK[\/vc_column_text]<div style=\"background-color:;height: 20px\" class=\"nicdark_section  \"><\/div>[vc_column_text css=&#8221;.vc_custom_1586523400559{padding-right: 20px !important;padding-left: 20px !important;}&#8221;]<\/p>\n<h1><span style=\"font-size: 25px; font-weight: 400;\">4.000,-Ft<\/span><\/h1>\n<p>[\/vc_column_text]<div style=\"background-color:;height: 10px\" class=\"nicdark_section  \"><\/div>[vc_column_text css=&#8221;.vc_custom_1586341357709{padding-right: 20px !important;padding-left: 20px !important;}&#8221;]PIKNIK KOS\u00c1R 2 F\u0150 R\u00c9SZ\u00c9RE[\/vc_column_text]<div style=\"background-color:;height: 20px\" class=\"nicdark_section  \"><\/div>[vc_column_text css=&#8221;.vc_custom_1586684944309{padding-right: 20px !important;padding-left: 20px !important;}&#8221;]<\/p>\n<ul>\n<li style=\"text-align: left;\"><span style=\"color: #727475;\">H\u00e1zi kolb\u00e1sz, h\u00e1zi szalonna, finomra v\u00e1gott g\u00e9psonka, prim\u0151r z\u00f6lds\u00e9gek, szeletelt lilahagyma, finomp\u00e9k\u00e1ru<\/span><\/li>\n<li style=\"text-align: left;\"><span style=\"color: #727475;\">Id\u00e9nygy\u00fcm\u00f6lcs<\/span><\/li>\n<li style=\"text-align: left;\"><span style=\"color: #727475;\">0,5 L \u00dcd\u00edt\u0151ital, Borsodi s\u00f6r vagy \u00c1sv\u00e1nyv\u00edz<\/span><\/li>\n<\/ul>\n<p>[\/vc_column_text]<div style=\"background-color:;height: 65px\" class=\"nicdark_section  \"><\/div>[\/vc_column][vc_column width=&#8221;1\/3&#8243; css=&#8221;.vc_custom_1586342896535{margin-top: 10px !important;margin-right: 10px !important;margin-bottom: 10px !important;margin-left: 10px !important;background-color: #ffffff !important;}&#8221;]<div style=\"background-color:;height: 10px\" class=\"nicdark_section  \"><\/div>[vc_column_text css=&#8221;.vc_custom_1586343200985{margin-top: 55px !important;padding-right: 20px !important;padding-left: 20px !important;}&#8221;]UZSONN\u00c1Z\u00d3[\/vc_column_text]<div style=\"background-color:;height: 20px\" class=\"nicdark_section  \"><\/div>[vc_column_text css=&#8221;.vc_custom_1586523409526{padding-right: 20px !important;padding-left: 20px !important;}&#8221;]<\/p>\n<h1><span style=\"font-size: 25px; font-weight: 400;\">3.500,-Ft<\/span><\/h1>\n<p>[\/vc_column_text]<div style=\"background-color:;height: 10px\" class=\"nicdark_section  \"><\/div>[vc_column_text css=&#8221;.vc_custom_1586341357709{padding-right: 20px !important;padding-left: 20px !important;}&#8221;]PIKNIK KOS\u00c1R 2 F\u0150 R\u00c9SZ\u00c9RE[\/vc_column_text]<div style=\"background-color:;height: 20px\" class=\"nicdark_section  \"><\/div>[vc_column_text css=&#8221;.vc_custom_1586684955233{padding-right: 20px !important;padding-left: 20px !important;}&#8221;]<\/p>\n<ul>\n<li><span style=\"color: #727475;\">Szem\u00e9lyenk\u00e9nt 2 db r\u00e1ntott h\u00fasos zsemle, sal\u00e1t\u00e1val, csalam\u00e1d\u00e9val<\/span><\/li>\n<li><span style=\"color: #727475;\">H\u00e1zi r\u00e9tes<\/span><\/li>\n<li><span style=\"color: #727475;\">Id\u00e9nygy\u00fcm\u00f6lcs<\/span><\/li>\n<li><span style=\"color: #727475;\">0,5 L \u00dcd\u00edt\u0151ital, Borsodi s\u00f6r vagy \u00c1sv\u00e1nyv\u00edz<\/span><\/li>\n<\/ul>\n<p>[\/vc_column_text]<div style=\"background-color:;height: 65px\" class=\"nicdark_section  \"><\/div>[\/vc_column][vc_column width=&#8221;1\/3&#8243; css=&#8221;.vc_custom_1586343346743{margin-top: 10px !important;margin-right: 10px !important;margin-bottom: 10px !important;margin-left: 10px !important;background-color: #ffffff !important;}&#8221;]<div style=\"background-color:;height: 10px\" class=\"nicdark_section  \"><\/div>[vc_column_text css=&#8221;.vc_custom_1586343380489{margin-top: 55px !important;padding-right: 20px !important;padding-left: 20px !important;}&#8221;]BOROZGAT\u00d3S[\/vc_column_text]<div style=\"background-color:;height: 20px\" class=\"nicdark_section  \"><\/div>[vc_column_text css=&#8221;.vc_custom_1586523416545{padding-right: 20px !important;padding-left: 20px !important;}&#8221;]<\/p>\n<h1><span style=\"font-size: 25px; font-weight: 400;\">5.000,-Ft<\/span><\/h1>\n<p>[\/vc_column_text]<div style=\"background-color:;height: 10px\" class=\"nicdark_section  \"><\/div>[vc_column_text css=&#8221;.vc_custom_1586341357709{padding-right: 20px !important;padding-left: 20px !important;}&#8221;]PIKNIK KOS\u00c1R 2 F\u0150 R\u00c9SZ\u00c9RE[\/vc_column_text]<div style=\"background-color:;height: 20px\" class=\"nicdark_section  \"><\/div>[vc_column_text css=&#8221;.vc_custom_1586684965975{padding-right: 20px !important;padding-left: 20px !important;}&#8221;]<\/p>\n<ul>\n<li><span style=\"color: #727475;\">Helyi sajtok kecske \u00e9s teh\u00e9ntejb\u0151l, ol\u00edvabogy\u00f3, sz\u0151l\u0151, alma, di\u00f3, mogyor\u00f3, finomp\u00e9k\u00e1ru<\/span><\/li>\n<li><span style=\"color: #727475;\">Kekszek \u00e9s k\u00e9tszers\u00fcltek<\/span><\/li>\n<li><span style=\"color: #727475;\">1 palack francia t\u00f6lgyfahord\u00f3ban \u00e9rlelt v\u00f6r\u00f6s vagy feh\u00e9r h\u00e1zi bor<\/span><\/li>\n<\/ul>\n<p>[\/vc_column_text]<div style=\"background-color:;height: 65px\" class=\"nicdark_section  \"><\/div>[\/vc_column][\/vc_row]<\/p>\n","protected":false},"excerpt":{"rendered":"<p>[vc_row content_placement=&#8221;top&#8221; css=&#8221;.vc_custom_1586278600071{margin-top: 60px !important;margin-bottom: 60px !important;}&#8221;][vc_column width=&#8221;1\/2&#8243;][vc_column_text]There is no restaurant in Szendr\u0151, but catering can be requested with prior registration, we are at your service in the ordering and coordination.[\/vc_column_text][vc_column_text]Ha a kedves vend\u00e9g\u00fcnk nem szeretne \u00e9tteremben id\u0151zni, vagy szendvicsek csomagol\u00e1s\u00e1val id\u0151t t\u00f6lteni rendelhet piknik kosarat is a kir\u00e1ndul\u00e1shoz! Piknik kosaraink alapvet\u0151en 2 \u00e9s 4 [&hellip;]<\/p>\n","protected":false},"author":1,"featured_media":0,"parent":2984,"menu_order":0,"comment_status":"closed","ping_status":"closed","template":"","meta":{"ngg_post_thumbnail":0,"footnotes":""},"class_list":["post-3821","page","type-page","status-publish","hentry"],"yoast_head":"<!-- This site is optimized with the Yoast SEO plugin v27.0 - https:\/\/yoast.com\/product\/yoast-seo-wordpress\/ -->\n<title>Feast - V\u00e1r-Lak guesthouse<\/title>\n<meta name=\"description\" content=\"There is no restaurant in Szendr\u0151, but catering can be requested with prior registration, we are at your service in the ordering and coordination.\" \/>\n<meta name=\"robots\" content=\"index, follow, max-snippet:-1, max-image-preview:large, max-video-preview:-1\" \/>\n<link rel=\"canonical\" href=\"https:\/\/var-lak.hu\/en\/service\/feast\/\" \/>\n<meta property=\"og:locale\" content=\"en_US\" \/>\n<meta property=\"og:type\" content=\"article\" \/>\n<meta property=\"og:title\" content=\"Feast - V\u00e1r-Lak guesthouse\" \/>\n<meta property=\"og:description\" content=\"There is no restaurant in Szendr\u0151, but catering can be requested with prior registration, we are at your service in the ordering and coordination.\" \/>\n<meta property=\"og:url\" content=\"https:\/\/var-lak.hu\/en\/service\/feast\/\" \/>\n<meta property=\"og:site_name\" content=\"V\u00e1r-Lak Vend\u00e9gh\u00e1z Szendr\u0151\" \/>\n<meta property=\"article:modified_time\" content=\"2021-06-28T11:00:34+00:00\" \/>\n<meta name=\"twitter:card\" content=\"summary_large_image\" \/>\n<meta name=\"twitter:label1\" content=\"Est. reading time\" \/>\n\t<meta name=\"twitter:data1\" content=\"2 minutes\" \/>\n<script type=\"application\/ld+json\" class=\"yoast-schema-graph\">{\"@context\":\"https:\/\/schema.org\",\"@graph\":[{\"@type\":\"WebPage\",\"@id\":\"https:\/\/var-lak.hu\/en\/service\/feast\/\",\"url\":\"https:\/\/var-lak.hu\/en\/service\/feast\/\",\"name\":\"Feast - V\u00e1r-Lak guesthouse\",\"isPartOf\":{\"@id\":\"https:\/\/var-lak.hu\/en\/#website\"},\"datePublished\":\"2020-04-08T08:45:57+00:00\",\"dateModified\":\"2021-06-28T11:00:34+00:00\",\"description\":\"There is no restaurant in Szendr\u0151, but catering can be requested with prior registration, we are at your service in the ordering and coordination.\",\"breadcrumb\":{\"@id\":\"https:\/\/var-lak.hu\/en\/service\/feast\/#breadcrumb\"},\"inLanguage\":\"en-US\",\"potentialAction\":[{\"@type\":\"ReadAction\",\"target\":[\"https:\/\/var-lak.hu\/en\/service\/feast\/\"]}]},{\"@type\":\"BreadcrumbList\",\"@id\":\"https:\/\/var-lak.hu\/en\/service\/feast\/#breadcrumb\",\"itemListElement\":[{\"@type\":\"ListItem\",\"position\":1,\"name\":\"Home\",\"item\":\"https:\/\/var-lak.hu\/en\/home-1\/\"},{\"@type\":\"ListItem\",\"position\":2,\"name\":\"Services\",\"item\":\"https:\/\/var-lak.hu\/en\/service\/\"},{\"@type\":\"ListItem\",\"position\":3,\"name\":\"Feast\"}]},{\"@type\":\"WebSite\",\"@id\":\"https:\/\/var-lak.hu\/en\/#website\",\"url\":\"https:\/\/var-lak.hu\/en\/\",\"name\":\"V\u00e1r-Lak Vend\u00e9gh\u00e1z Szendr\u0151\",\"description\":\"Sz\u00e1ll\u00e1s\",\"potentialAction\":[{\"@type\":\"SearchAction\",\"target\":{\"@type\":\"EntryPoint\",\"urlTemplate\":\"https:\/\/var-lak.hu\/en\/?s={search_term_string}\"},\"query-input\":{\"@type\":\"PropertyValueSpecification\",\"valueRequired\":true,\"valueName\":\"search_term_string\"}}],\"inLanguage\":\"en-US\"}]}<\/script>\n<!-- \/ Yoast SEO plugin. -->","yoast_head_json":{"title":"Feast - V\u00e1r-Lak guesthouse","description":"There is no restaurant in Szendr\u0151, but catering can be requested with prior registration, we are at your service in the ordering and coordination.","robots":{"index":"index","follow":"follow","max-snippet":"max-snippet:-1","max-image-preview":"max-image-preview:large","max-video-preview":"max-video-preview:-1"},"canonical":"https:\/\/var-lak.hu\/en\/service\/feast\/","og_locale":"en_US","og_type":"article","og_title":"Feast - V\u00e1r-Lak guesthouse","og_description":"There is no restaurant in Szendr\u0151, but catering can be requested with prior registration, we are at your service in the ordering and coordination.","og_url":"https:\/\/var-lak.hu\/en\/service\/feast\/","og_site_name":"V\u00e1r-Lak Vend\u00e9gh\u00e1z Szendr\u0151","article_modified_time":"2021-06-28T11:00:34+00:00","twitter_card":"summary_large_image","twitter_misc":{"Est. reading time":"2 minutes"},"schema":{"@context":"https:\/\/schema.org","@graph":[{"@type":"WebPage","@id":"https:\/\/var-lak.hu\/en\/service\/feast\/","url":"https:\/\/var-lak.hu\/en\/service\/feast\/","name":"Feast - V\u00e1r-Lak guesthouse","isPartOf":{"@id":"https:\/\/var-lak.hu\/en\/#website"},"datePublished":"2020-04-08T08:45:57+00:00","dateModified":"2021-06-28T11:00:34+00:00","description":"There is no restaurant in Szendr\u0151, but catering can be requested with prior registration, we are at your service in the ordering and coordination.","breadcrumb":{"@id":"https:\/\/var-lak.hu\/en\/service\/feast\/#breadcrumb"},"inLanguage":"en-US","potentialAction":[{"@type":"ReadAction","target":["https:\/\/var-lak.hu\/en\/service\/feast\/"]}]},{"@type":"BreadcrumbList","@id":"https:\/\/var-lak.hu\/en\/service\/feast\/#breadcrumb","itemListElement":[{"@type":"ListItem","position":1,"name":"Home","item":"https:\/\/var-lak.hu\/en\/home-1\/"},{"@type":"ListItem","position":2,"name":"Services","item":"https:\/\/var-lak.hu\/en\/service\/"},{"@type":"ListItem","position":3,"name":"Feast"}]},{"@type":"WebSite","@id":"https:\/\/var-lak.hu\/en\/#website","url":"https:\/\/var-lak.hu\/en\/","name":"V\u00e1r-Lak Vend\u00e9gh\u00e1z Szendr\u0151","description":"Sz\u00e1ll\u00e1s","potentialAction":[{"@type":"SearchAction","target":{"@type":"EntryPoint","urlTemplate":"https:\/\/var-lak.hu\/en\/?s={search_term_string}"},"query-input":{"@type":"PropertyValueSpecification","valueRequired":true,"valueName":"search_term_string"}}],"inLanguage":"en-US"}]}},"_links":{"self":[{"href":"https:\/\/var-lak.hu\/en\/wp-json\/wp\/v2\/pages\/3821","targetHints":{"allow":["GET"]}}],"collection":[{"href":"https:\/\/var-lak.hu\/en\/wp-json\/wp\/v2\/pages"}],"about":[{"href":"https:\/\/var-lak.hu\/en\/wp-json\/wp\/v2\/types\/page"}],"author":[{"embeddable":true,"href":"https:\/\/var-lak.hu\/en\/wp-json\/wp\/v2\/users\/1"}],"replies":[{"embeddable":true,"href":"https:\/\/var-lak.hu\/en\/wp-json\/wp\/v2\/comments?post=3821"}],"version-history":[{"count":3,"href":"https:\/\/var-lak.hu\/en\/wp-json\/wp\/v2\/pages\/3821\/revisions"}],"predecessor-version":[{"id":3824,"href":"https:\/\/var-lak.hu\/en\/wp-json\/wp\/v2\/pages\/3821\/revisions\/3824"}],"up":[{"embeddable":true,"href":"https:\/\/var-lak.hu\/en\/wp-json\/wp\/v2\/pages\/2984"}],"wp:attachment":[{"href":"https:\/\/var-lak.hu\/en\/wp-json\/wp\/v2\/media?parent=3821"}],"curies":[{"name":"wp","href":"https:\/\/api.w.org\/{rel}","templated":true}]}}