{"id":3808,"date":"2020-04-08T07:52:54","date_gmt":"2020-04-08T07:52:54","guid":{"rendered":"https:\/\/var-lak.hu\/service\/arboretum\/"},"modified":"2021-06-28T10:44:09","modified_gmt":"2021-06-28T10:44:09","slug":"arboretum","status":"publish","type":"page","link":"https:\/\/var-lak.hu\/en\/service\/arboretum\/","title":{"rendered":"Arboretum"},"content":{"rendered":"<p>[vc_row content_placement=&#8221;top&#8221; css=&#8221;.vc_custom_1586278600071{margin-top: 60px !important;margin-bottom: 60px !important;}&#8221;][vc_column width=&#8221;1\/2&#8243;]<div style=\"background-color:;height: 10px\" class=\"nicdark_section  \"><\/div> <h1 style=\"color:;padding:20px;text-align:;font-size:25px;line-height:55px;letter-spacing: px;font-weight:normal\" class=\"  nd_options_text_align_center_responsive_important nd_options_slogan_text nd_options_first_font \">Arboretum<\/h1> [vc_column_text]The house in the \u201cshade\u201d of the castle has a huge garden, full of different types of flowers and plants, which can be admired by guests visiting us according to the season.[\/vc_column_text]<div style=\"background-color:;height: 10px\" class=\"nicdark_section  \"><\/div>[\/vc_column][vc_column width=&#8221;1\/2&#8243;][vc_row_inner][vc_column_inner width=&#8221;1\/3&#8243;]<div style=\"background-color:;height: 10px\" class=\"nicdark_section  \"><\/div>[vc_single_image image=&#8221;3595&#8243; img_size=&#8221;full&#8221; alignment=&#8221;center&#8221; style=&#8221;vc_box_shadow_3d&#8221; onclick=&#8221;link_image&#8221;]<div style=\"background-color:;height: 30px\" class=\"nicdark_section  \"><\/div>[vc_single_image image=&#8221;3601&#8243; img_size=&#8221;full&#8221; alignment=&#8221;center&#8221; style=&#8221;vc_box_shadow_3d&#8221; onclick=&#8221;link_image&#8221;]<div style=\"background-color:;height: 30px\" class=\"nicdark_section  \"><\/div>[vc_single_image image=&#8221;3611&#8243; img_size=&#8221;full&#8221; alignment=&#8221;center&#8221; style=&#8221;vc_box_shadow_3d&#8221; onclick=&#8221;link_image&#8221;]<div style=\"background-color:;height: 10px\" class=\"nicdark_section  \"><\/div>[\/vc_column_inner][vc_column_inner width=&#8221;1\/3&#8243;]<div style=\"background-color:;height: 10px\" class=\"nicdark_section  \"><\/div>[vc_single_image image=&#8221;3597&#8243; img_size=&#8221;full&#8221; alignment=&#8221;center&#8221; style=&#8221;vc_box_shadow_3d&#8221; onclick=&#8221;link_image&#8221;]<div style=\"background-color:;height: 30px\" class=\"nicdark_section  \"><\/div>[vc_single_image image=&#8221;3607&#8243; img_size=&#8221;full&#8221; alignment=&#8221;center&#8221; style=&#8221;vc_box_shadow_3d&#8221; onclick=&#8221;link_image&#8221;]<div style=\"background-color:;height: 30px\" class=\"nicdark_section  \"><\/div>[vc_single_image image=&#8221;3613&#8243; img_size=&#8221;full&#8221; alignment=&#8221;center&#8221; style=&#8221;vc_box_shadow_3d&#8221; onclick=&#8221;link_image&#8221;]<div style=\"background-color:;height: 10px\" class=\"nicdark_section  \"><\/div>[\/vc_column_inner][vc_column_inner width=&#8221;1\/3&#8243;]<div style=\"background-color:;height: 10px\" class=\"nicdark_section  \"><\/div>[vc_single_image image=&#8221;3599&#8243; img_size=&#8221;full&#8221; alignment=&#8221;center&#8221; style=&#8221;vc_box_shadow_3d&#8221; onclick=&#8221;link_image&#8221;]<div style=\"background-color:;height: 30px\" class=\"nicdark_section  \"><\/div>[vc_single_image image=&#8221;3609&#8243; img_size=&#8221;full&#8221; alignment=&#8221;center&#8221; style=&#8221;vc_box_shadow_3d&#8221; onclick=&#8221;link_image&#8221;]<div style=\"background-color:;height: 30px\" class=\"nicdark_section  \"><\/div>[vc_single_image image=&#8221;3615&#8243; img_size=&#8221;full&#8221; alignment=&#8221;center&#8221; style=&#8221;vc_box_shadow_3d&#8221; onclick=&#8221;link_image&#8221;]<div style=\"background-color:;height: 10px\" class=\"nicdark_section  \"><\/div>[\/vc_column_inner][\/vc_row_inner]<div style=\"background-color:;height: 10px\" class=\"nicdark_section  \"><\/div>[\/vc_column][\/vc_row]<\/p>\n","protected":false},"excerpt":{"rendered":"<p>[vc_row content_placement=&#8221;top&#8221; css=&#8221;.vc_custom_1586278600071{margin-top: 60px !important;margin-bottom: 60px !important;}&#8221;][vc_column width=&#8221;1\/2&#8243;][vc_column_text]The house in the \u201cshade\u201d of the castle has a huge garden, full of different types of flowers and plants, which can be admired by guests visiting us according to the season.[\/vc_column_text][\/vc_column][vc_column width=&#8221;1\/2&#8243;][vc_row_inner][vc_column_inner width=&#8221;1\/3&#8243;][vc_single_image image=&#8221;3595&#8243; img_size=&#8221;full&#8221; alignment=&#8221;center&#8221; style=&#8221;vc_box_shadow_3d&#8221; onclick=&#8221;link_image&#8221;][vc_single_image image=&#8221;3601&#8243; img_size=&#8221;full&#8221; alignment=&#8221;center&#8221; style=&#8221;vc_box_shadow_3d&#8221; onclick=&#8221;link_image&#8221;][vc_single_image image=&#8221;3611&#8243; img_size=&#8221;full&#8221; alignment=&#8221;center&#8221; style=&#8221;vc_box_shadow_3d&#8221; [&hellip;]<\/p>\n","protected":false},"author":1,"featured_media":0,"parent":2984,"menu_order":0,"comment_status":"closed","ping_status":"closed","template":"","meta":{"ngg_post_thumbnail":0,"footnotes":""},"class_list":["post-3808","page","type-page","status-publish","hentry"],"yoast_head":"<!-- This site is optimized with the Yoast SEO plugin v27.0 - https:\/\/yoast.com\/product\/yoast-seo-wordpress\/ -->\n<title>Arboretum - V\u00e1r-Lak guesthouse<\/title>\n<meta name=\"description\" content=\"The house in the \u201cshade\u201d of the castle has a huge garden, full of different types of flowers and plants, which can be admired by guests visiting us according to the season.\" \/>\n<meta name=\"robots\" content=\"index, follow, max-snippet:-1, max-image-preview:large, max-video-preview:-1\" \/>\n<link rel=\"canonical\" href=\"https:\/\/var-lak.hu\/en\/service\/arboretum\/\" \/>\n<meta property=\"og:locale\" content=\"en_US\" \/>\n<meta property=\"og:type\" content=\"article\" \/>\n<meta property=\"og:title\" content=\"Arboretum - V\u00e1r-Lak guesthouse\" \/>\n<meta property=\"og:description\" content=\"The house in the \u201cshade\u201d of the castle has a huge garden, full of different types of flowers and plants, which can be admired by guests visiting us according to the season.\" \/>\n<meta property=\"og:url\" content=\"https:\/\/var-lak.hu\/en\/service\/arboretum\/\" \/>\n<meta property=\"og:site_name\" content=\"V\u00e1r-Lak Vend\u00e9gh\u00e1z Szendr\u0151\" \/>\n<meta property=\"article:modified_time\" content=\"2021-06-28T10:44:09+00:00\" \/>\n<meta name=\"twitter:card\" content=\"summary_large_image\" \/>\n<meta name=\"twitter:label1\" content=\"Est. reading time\" \/>\n\t<meta name=\"twitter:data1\" content=\"1 minute\" \/>\n<script type=\"application\/ld+json\" class=\"yoast-schema-graph\">{\"@context\":\"https:\/\/schema.org\",\"@graph\":[{\"@type\":\"WebPage\",\"@id\":\"https:\/\/var-lak.hu\/en\/service\/arboretum\/\",\"url\":\"https:\/\/var-lak.hu\/en\/service\/arboretum\/\",\"name\":\"Arboretum - V\u00e1r-Lak guesthouse\",\"isPartOf\":{\"@id\":\"https:\/\/var-lak.hu\/en\/#website\"},\"datePublished\":\"2020-04-08T07:52:54+00:00\",\"dateModified\":\"2021-06-28T10:44:09+00:00\",\"description\":\"The house in the \u201cshade\u201d of the castle has a huge garden, full of different types of flowers and plants, which can be admired by guests visiting us according to the season.\",\"breadcrumb\":{\"@id\":\"https:\/\/var-lak.hu\/en\/service\/arboretum\/#breadcrumb\"},\"inLanguage\":\"en-US\",\"potentialAction\":[{\"@type\":\"ReadAction\",\"target\":[\"https:\/\/var-lak.hu\/en\/service\/arboretum\/\"]}]},{\"@type\":\"BreadcrumbList\",\"@id\":\"https:\/\/var-lak.hu\/en\/service\/arboretum\/#breadcrumb\",\"itemListElement\":[{\"@type\":\"ListItem\",\"position\":1,\"name\":\"Home\",\"item\":\"https:\/\/var-lak.hu\/en\/home-1\/\"},{\"@type\":\"ListItem\",\"position\":2,\"name\":\"Services\",\"item\":\"https:\/\/var-lak.hu\/en\/service\/\"},{\"@type\":\"ListItem\",\"position\":3,\"name\":\"Arboretum\"}]},{\"@type\":\"WebSite\",\"@id\":\"https:\/\/var-lak.hu\/en\/#website\",\"url\":\"https:\/\/var-lak.hu\/en\/\",\"name\":\"V\u00e1r-Lak Vend\u00e9gh\u00e1z Szendr\u0151\",\"description\":\"Sz\u00e1ll\u00e1s\",\"potentialAction\":[{\"@type\":\"SearchAction\",\"target\":{\"@type\":\"EntryPoint\",\"urlTemplate\":\"https:\/\/var-lak.hu\/en\/?s={search_term_string}\"},\"query-input\":{\"@type\":\"PropertyValueSpecification\",\"valueRequired\":true,\"valueName\":\"search_term_string\"}}],\"inLanguage\":\"en-US\"}]}<\/script>\n<!-- \/ Yoast SEO plugin. -->","yoast_head_json":{"title":"Arboretum - V\u00e1r-Lak guesthouse","description":"The house in the \u201cshade\u201d of the castle has a huge garden, full of different types of flowers and plants, which can be admired by guests visiting us according to the season.","robots":{"index":"index","follow":"follow","max-snippet":"max-snippet:-1","max-image-preview":"max-image-preview:large","max-video-preview":"max-video-preview:-1"},"canonical":"https:\/\/var-lak.hu\/en\/service\/arboretum\/","og_locale":"en_US","og_type":"article","og_title":"Arboretum - V\u00e1r-Lak guesthouse","og_description":"The house in the \u201cshade\u201d of the castle has a huge garden, full of different types of flowers and plants, which can be admired by guests visiting us according to the season.","og_url":"https:\/\/var-lak.hu\/en\/service\/arboretum\/","og_site_name":"V\u00e1r-Lak Vend\u00e9gh\u00e1z Szendr\u0151","article_modified_time":"2021-06-28T10:44:09+00:00","twitter_card":"summary_large_image","twitter_misc":{"Est. reading time":"1 minute"},"schema":{"@context":"https:\/\/schema.org","@graph":[{"@type":"WebPage","@id":"https:\/\/var-lak.hu\/en\/service\/arboretum\/","url":"https:\/\/var-lak.hu\/en\/service\/arboretum\/","name":"Arboretum - V\u00e1r-Lak guesthouse","isPartOf":{"@id":"https:\/\/var-lak.hu\/en\/#website"},"datePublished":"2020-04-08T07:52:54+00:00","dateModified":"2021-06-28T10:44:09+00:00","description":"The house in the \u201cshade\u201d of the castle has a huge garden, full of different types of flowers and plants, which can be admired by guests visiting us according to the season.","breadcrumb":{"@id":"https:\/\/var-lak.hu\/en\/service\/arboretum\/#breadcrumb"},"inLanguage":"en-US","potentialAction":[{"@type":"ReadAction","target":["https:\/\/var-lak.hu\/en\/service\/arboretum\/"]}]},{"@type":"BreadcrumbList","@id":"https:\/\/var-lak.hu\/en\/service\/arboretum\/#breadcrumb","itemListElement":[{"@type":"ListItem","position":1,"name":"Home","item":"https:\/\/var-lak.hu\/en\/home-1\/"},{"@type":"ListItem","position":2,"name":"Services","item":"https:\/\/var-lak.hu\/en\/service\/"},{"@type":"ListItem","position":3,"name":"Arboretum"}]},{"@type":"WebSite","@id":"https:\/\/var-lak.hu\/en\/#website","url":"https:\/\/var-lak.hu\/en\/","name":"V\u00e1r-Lak Vend\u00e9gh\u00e1z Szendr\u0151","description":"Sz\u00e1ll\u00e1s","potentialAction":[{"@type":"SearchAction","target":{"@type":"EntryPoint","urlTemplate":"https:\/\/var-lak.hu\/en\/?s={search_term_string}"},"query-input":{"@type":"PropertyValueSpecification","valueRequired":true,"valueName":"search_term_string"}}],"inLanguage":"en-US"}]}},"_links":{"self":[{"href":"https:\/\/var-lak.hu\/en\/wp-json\/wp\/v2\/pages\/3808","targetHints":{"allow":["GET"]}}],"collection":[{"href":"https:\/\/var-lak.hu\/en\/wp-json\/wp\/v2\/pages"}],"about":[{"href":"https:\/\/var-lak.hu\/en\/wp-json\/wp\/v2\/types\/page"}],"author":[{"embeddable":true,"href":"https:\/\/var-lak.hu\/en\/wp-json\/wp\/v2\/users\/1"}],"replies":[{"embeddable":true,"href":"https:\/\/var-lak.hu\/en\/wp-json\/wp\/v2\/comments?post=3808"}],"version-history":[{"count":6,"href":"https:\/\/var-lak.hu\/en\/wp-json\/wp\/v2\/pages\/3808\/revisions"}],"predecessor-version":[{"id":3815,"href":"https:\/\/var-lak.hu\/en\/wp-json\/wp\/v2\/pages\/3808\/revisions\/3815"}],"up":[{"embeddable":true,"href":"https:\/\/var-lak.hu\/en\/wp-json\/wp\/v2\/pages\/2984"}],"wp:attachment":[{"href":"https:\/\/var-lak.hu\/en\/wp-json\/wp\/v2\/media?parent=3808"}],"curies":[{"name":"wp","href":"https:\/\/api.w.org\/{rel}","templated":true}]}}