{"id":3089,"date":"2020-04-08T16:09:54","date_gmt":"2020-04-08T16:09:54","guid":{"rendered":"https:\/\/var-lak.hu\/latnivalok\/"},"modified":"2022-11-23T19:39:30","modified_gmt":"2022-11-23T19:39:30","slug":"attractions","status":"publish","type":"page","link":"https:\/\/var-lak.hu\/en\/attractions\/","title":{"rendered":"Attractions"},"content":{"rendered":"<p>[vc_row content_placement=&#8221;top&#8221; css=&#8221;.vc_custom_1586521775535{margin-top: 60px !important;margin-bottom: 30px !important;}&#8221;][vc_column width=&#8221;1\/3&#8243;]<div style=\"background-color:;height: 10px\" class=\"nicdark_section  \"><\/div> <h2 style=\"color:;padding:px;text-align:;font-size:px;line-height:40px;letter-spacing: px;font-weight:normal\" class=\"  nd_options_text_align_center_responsive_important nd_options_slogan_text nd_options_first_font \">Town of Szendr\u0151<\/h2> <div style=\"background-color:;height: 40px\" class=\"nicdark_section  \"><\/div>[vc_single_image image=&#8221;3101&#8243; img_size=&#8221;400&#215;250&#8243; alignment=&#8221;center&#8221; style=&#8221;vc_box_shadow_3d&#8221; onclick=&#8221;link_image&#8221;]<div style=\"background-color:;height: 10px\" class=\"nicdark_section  \"><\/div>[vc_column_text]The town of Szendr\u0151 (in Borsod-Aba\u00faj- Zempl\u00e9n county) is a settlement located at the gates of the B\u00f3dva valley, on the edge of the Csereh\u00e1t and Aggtelek karst. It is connected to Miskolc (39km) and the country border (27km) by the main road No. 27. History has always played an important and prominent role for the 4400 enthusiastic settlements.[\/vc_column_text]<div style=\"background-color:;height: 40px\" class=\"nicdark_section  \"><\/div>[\/vc_column][vc_column width=&#8221;1\/3&#8243;]<div style=\"background-color:;height: 10px\" class=\"nicdark_section  \"><\/div> <h2 style=\"color:;padding:px;text-align:;font-size:px;line-height:40px;letter-spacing: px;font-weight:normal\" class=\"  nd_options_text_align_center_responsive_important nd_options_slogan_text nd_options_first_font \">Szendr\u0151 Upper Castle<\/h2> <div style=\"background-color:;height: 40px\" class=\"nicdark_section  \"><\/div>[vc_single_image image=&#8221;3100&#8243; img_size=&#8221;400&#215;250&#8243; alignment=&#8221;center&#8221; style=&#8221;vc_box_shadow_3d&#8221; onclick=&#8221;link_image&#8221;]<div style=\"background-color:;height: 10px\" class=\"nicdark_section  \"><\/div>[vc_column_text]The first mention of the settlement of Szendr\u0151 dates back to 1312. Presumably 5 castles were built in the settlement (Korai v\u00e1r, Als\u00f3 v\u00e1r \/ Cs\u00e1ky kast\u00e9ly, Huszitav\u00e1r, N\u00e9metv\u00e1r, Fels\u0151v\u00e1r). S\u00e1ndor Cselenfi&#8217;s son, royal castle lord J\u00e1nos, was first mentioned in 1355, when the (early) castle already stood and was in the hands of the king.[\/vc_column_text]<div style=\"background-color:;height: 40px\" class=\"nicdark_section  \"><\/div>[\/vc_column][vc_column width=&#8221;1\/3&#8243;]<div style=\"background-color:;height: 10px\" class=\"nicdark_section  \"><\/div> <h2 style=\"color:;padding:px;text-align:;font-size:px;line-height:40px;letter-spacing: px;font-weight:normal\" class=\"  nd_options_text_align_center_responsive_important nd_options_slogan_text nd_options_first_font \">Aggtelek National Park<\/h2> <div style=\"background-color:;height: 40px\" class=\"nicdark_section  \"><\/div>[vc_single_image image=&#8221;3092&#8243; img_size=&#8221;400&#215;250&#8243; alignment=&#8221;center&#8221; style=&#8221;vc_box_shadow_3d&#8221; onclick=&#8221;link_image&#8221;]<div style=\"background-color:;height: 10px\" class=\"nicdark_section  \"><\/div>[vc_column_text]The Aggtelek National Park (ANP) is the fourth national park in Hungary, established in 1985 from the Aggtelek Landscape Protection Area. It was the first national park in the country to be established specifically to protect geological values. The main area of the park is the Aggtelek Mountains.[\/vc_column_text]<div style=\"background-color:;height: 40px\" class=\"nicdark_section  \"><\/div>[\/vc_column][\/vc_row][vc_row full_width=&#8221;stretch_row&#8221; content_placement=&#8221;top&#8221; css=&#8221;.vc_custom_1586522122683{padding-top: 60px !important;padding-bottom: 30px !important;background-color: #f9f9f9 !important;}&#8221;][vc_column width=&#8221;1\/3&#8243;]<div style=\"background-color:;height: 10px\" class=\"nicdark_section  \"><\/div> <h2 style=\"color:;padding:px;text-align:;font-size:px;line-height:px;letter-spacing: px;font-weight:normal\" class=\"  nd_options_text_align_center_responsive_important nd_options_slogan_text nd_options_first_font \">Martonyi Monastery<\/h2> <div style=\"background-color:;height: 40px\" class=\"nicdark_section  \"><\/div>[vc_single_image image=&#8221;3096&#8243; img_size=&#8221;400&#215;250&#8243; alignment=&#8221;center&#8221; style=&#8221;vc_box_shadow_3d&#8221; onclick=&#8221;link_image&#8221;]<div style=\"background-color:;height: 10px\" class=\"nicdark_section  \"><\/div>[vc_column_text]The Martonyi monastery ruin is a unique monument in Hungary. From an architectural point of view, this facility is the best preserved memory of the only Hungarian-founded order of monks. The Pauline order was founded around 1250 by \u00d6zs\u00e9b (a hermit from the canons of Esztergom).[\/vc_column_text]<div style=\"background-color:;height: 40px\" class=\"nicdark_section  \"><\/div>[\/vc_column][vc_column width=&#8221;1\/3&#8243;]<div style=\"background-color:;height: 10px\" class=\"nicdark_section  \"><\/div> <h2 style=\"color:;padding:px;text-align:;font-size:px;line-height:px;letter-spacing: px;font-weight:normal\" class=\"  nd_options_text_align_center_responsive_important nd_options_slogan_text nd_options_first_font \">Lake Rakacai<\/h2> <div style=\"background-color:;height: 40px\" class=\"nicdark_section  \"><\/div>[vc_single_image image=&#8221;3097&#8243; img_size=&#8221;400&#215;250&#8243; alignment=&#8221;center&#8221; style=&#8221;vc_box_shadow_3d&#8221; onclick=&#8221;link_image&#8221;]<div style=\"background-color:;height: 10px\" class=\"nicdark_section  \"><\/div>[vc_column_text]Anyone who travels to the B\u00f3dva Valley cannot miss the largest artificial reservoir in Hungary, which inflates the water of the Rakaca stream. The lake is a paradise for anglers with great catches due to the calm environment and beautiful scenery.[\/vc_column_text]<div style=\"background-color:;height: 40px\" class=\"nicdark_section  \"><\/div>[\/vc_column][vc_column width=&#8221;1\/3&#8243;]<div style=\"background-color:;height: 10px\" class=\"nicdark_section  \"><\/div> <h2 style=\"color:;padding:px;text-align:;font-size:px;line-height:px;letter-spacing: px;font-weight:normal\" class=\"  nd_options_text_align_center_responsive_important nd_options_slogan_text nd_options_first_font \">Rudab\u00e1nya Mine Lake<\/h2> <div style=\"background-color:;height: 40px\" class=\"nicdark_section  \"><\/div>[vc_single_image image=&#8221;3098&#8243; img_size=&#8221;400&#215;250&#8243; alignment=&#8221;center&#8221; style=&#8221;vc_box_shadow_3d&#8221; onclick=&#8221;link_image&#8221;]<div style=\"background-color:;height: 10px\" class=\"nicdark_section  \"><\/div>[vc_column_text]The latest landmark of Rudab\u00e1nya is the last workplace of the former open-cast iron ore mine, the mine lake created at the junction of Vilmos and Andr\u00e1ssy II. mining part. At first, a larger and a smaller stagnant water was formed, then as the water level rose, the two lakes merged and reached their present, roughly stabilized extent.[\/vc_column_text]<div style=\"background-color:;height: 40px\" class=\"nicdark_section  \"><\/div>[\/vc_column][\/vc_row][vc_row content_placement=&#8221;top&#8221; css=&#8221;.vc_custom_1586522144598{margin-top: 60px !important;margin-bottom: 30px !important;}&#8221;][vc_column width=&#8221;1\/3&#8243;]<div style=\"background-color:;height: 10px\" class=\"nicdark_section  \"><\/div> <h2 style=\"color:;padding:px;text-align:;font-size:px;line-height:px;letter-spacing: px;font-weight:normal\" class=\"  nd_options_text_align_center_responsive_important nd_options_slogan_text nd_options_first_font \">Abod village<\/h2> <div style=\"background-color:;height: 40px\" class=\"nicdark_section  \"><\/div>[vc_single_image image=&#8221;3090&#8243; img_size=&#8221;400&#215;250&#8243; alignment=&#8221;center&#8221; style=&#8221;vc_box_shadow_3d&#8221; onclick=&#8221;link_image&#8221;]<div style=\"background-color:;height: 10px\" class=\"nicdark_section  \"><\/div>[vc_column_text]The settlement of Abod is located at the junction of the Szendr\u0151 Mountains and the Csereh\u00e1t, in a valley gorge called the Nagy-Cs\u00e1k\u00e1ny-l\u00e1pa. The village most likely already existed in the 1200s. The name of the settlement Abod can be derived from the personal name Aba. It is mentioned in medieval diplomas as Vyobod (\u00dajabod), Ab\u00e1d, Oboud, Opud, Obad.[\/vc_column_text]<div style=\"background-color:;height: 40px\" class=\"nicdark_section  \"><\/div>[\/vc_column][vc_column width=&#8221;1\/3&#8243;]<div style=\"background-color:;height: 10px\" class=\"nicdark_section  \"><\/div> <h2 style=\"color:;padding:px;text-align:;font-size:px;line-height:px;letter-spacing: px;font-weight:normal\" class=\"  nd_options_text_align_center_responsive_important nd_options_slogan_text nd_options_first_font \">Galv\u00e1cs village<\/h2> <div style=\"background-color:;height: 40px\" class=\"nicdark_section  \"><\/div>[vc_single_image image=&#8221;3095&#8243; img_size=&#8221;400&#215;250&#8243; alignment=&#8221;center&#8221; style=&#8221;vc_box_shadow_3d&#8221; onclick=&#8221;link_image&#8221;]<div style=\"background-color:;height: 10px\" class=\"nicdark_section  \"><\/div>[vc_column_text]The first written mention of the village is in the papal tithe register of 1332 as KALOACH. In the 16th century charters, the Galwacz spelling and later the Galvats spelling were used. The name is supposed to mean a man of Slavic origin and a big head. The current one, \u201cthe region of the three springs\u201d, is certainly the third place in the village.[\/vc_column_text]<div style=\"background-color:;height: 40px\" class=\"nicdark_section  \"><\/div>[\/vc_column][vc_column width=&#8221;1\/3&#8243;]<div style=\"background-color:;height: 10px\" class=\"nicdark_section  \"><\/div> <h2 style=\"color:;padding:px;text-align:;font-size:px;line-height:px;letter-spacing: px;font-weight:normal\" class=\"  nd_options_text_align_center_responsive_important nd_options_slogan_text nd_options_first_font \">Szalonna village<\/h2> <div style=\"background-color:;height: 40px\" class=\"nicdark_section  \"><\/div>[vc_single_image image=&#8221;3099&#8243; img_size=&#8221;400&#215;250&#8243; alignment=&#8221;center&#8221; style=&#8221;vc_box_shadow_3d&#8221; onclick=&#8221;link_image&#8221;]<div style=\"background-color:;height: 10px\" class=\"nicdark_section  \"><\/div>[vc_column_text]The town of Szalonna was first mentioned in 1249 as Zolouna. The name of the village is of Slavic origin, derived from the word slano meaning \u201csalt water\u201d, which refers to a source of hot water from the northern border of the village. The settlement was once the residence of a branch of the conquering \u00d6rs\u00far clan. The most important monument of the settlement is the XI. \u00c1rp\u00e1dian-era round church without a tower.[\/vc_column_text]<div style=\"background-color:;height: 40px\" class=\"nicdark_section  \"><\/div>[\/vc_column][\/vc_row][vc_row full_width=&#8221;stretch_row&#8221; content_placement=&#8221;top&#8221; css=&#8221;.vc_custom_1586522152807{padding-top: 60px !important;padding-bottom: 30px !important;background-color: #f9f9f9 !important;}&#8221;][vc_column width=&#8221;1\/3&#8243;]<div style=\"background-color:;height: 10px\" class=\"nicdark_section  \"><\/div> <h2 style=\"color:;padding:px;text-align:;font-size:px;line-height:px;letter-spacing: px;font-weight:normal\" class=\"  nd_options_text_align_center_responsive_important nd_options_slogan_text nd_options_first_font \">Telekes Valley<\/h2> <div style=\"background-color:;height: 40px\" class=\"nicdark_section  \"><\/div>[vc_single_image image=&#8221;3102&#8243; img_size=&#8221;400&#215;250&#8243; alignment=&#8221;center&#8221; style=&#8221;vc_box_shadow_3d&#8221; onclick=&#8221;link_image&#8221;]<div style=\"background-color:;height: 10px\" class=\"nicdark_section  \"><\/div>[vc_column_text]During the rainy period, the rock gorge called Telekes Valley offers an unforgettable sight. The valley crosses the Rudab\u00e1nya Mountains between Als\u00f3telekes and the B\u00f3dva Valley. The most beautiful section of the romantic gorge valley is the \u201cDevil\u2019s Dam\u201d rock and its immediate surroundings.[\/vc_column_text]<div style=\"background-color:;height: 40px\" class=\"nicdark_section  \"><\/div>[\/vc_column][vc_column width=&#8221;1\/3&#8243;]<div style=\"background-color:;height: 10px\" class=\"nicdark_section  \"><\/div> <h2 style=\"color:;padding:px;text-align:;font-size:px;line-height:px;letter-spacing: px;font-weight:normal\" class=\"  nd_options_text_align_center_responsive_important nd_options_slogan_text nd_options_first_font \">Csorbak\u0151<\/h2> <div style=\"background-color:;height: 40px\" class=\"nicdark_section  \"><\/div>[vc_single_image image=&#8221;3093&#8243; img_size=&#8221;400&#215;250&#8243; alignment=&#8221;center&#8221; style=&#8221;vc_box_shadow_3d&#8221; onclick=&#8221;link_image&#8221;]<div style=\"background-color:;height: 10px\" class=\"nicdark_section  \"><\/div>[vc_column_text]The medieval Csorbak\u0151 castle was built at the end of one of the northeastern ridges of Nagy-hegy on the border of Szuhogy. In 1928, an ice age cave was discovered on the north side of the castle hill, where several little or no silver-plated copper slabs were found.[\/vc_column_text]<div style=\"background-color:;height: 40px\" class=\"nicdark_section  \"><\/div>[\/vc_column][vc_column width=&#8221;1\/3&#8243;]<div style=\"background-color:;height: 10px\" class=\"nicdark_section  \"><\/div> <h2 style=\"color:;padding:px;text-align:;font-size:px;line-height:px;letter-spacing: px;font-weight:normal\" class=\"  nd_options_text_align_center_responsive_important nd_options_slogan_text nd_options_first_font \">Charcoal burner<\/h2> <div style=\"background-color:;height: 40px\" class=\"nicdark_section  \"><\/div>[vc_single_image image=&#8221;3094&#8243; img_size=&#8221;400&#215;250&#8243; alignment=&#8221;center&#8221; style=&#8221;vc_box_shadow_3d&#8221; onclick=&#8221;link_image&#8221;]<div style=\"background-color:;height: 10px\" class=\"nicdark_section  \"><\/div>[vc_column_text]Many believe that the world-famous science of coal burning comes from the village of \u00c1ron Tam\u00e1si, Farkaslaka. The use of charcoal increased in the last decades of the 19th century, when it was conquered as a finer canvas than before: the gyolcs, the canvas, the chiffon.[\/vc_column_text]<div style=\"background-color:;height: 40px\" class=\"nicdark_section  \"><\/div>[\/vc_column][\/vc_row]<\/p>\n","protected":false},"excerpt":{"rendered":"<p>[vc_row content_placement=&#8221;top&#8221; css=&#8221;.vc_custom_1586521775535{margin-top: 60px !important;margin-bottom: 30px !important;}&#8221;][vc_column width=&#8221;1\/3&#8243;][vc_single_image image=&#8221;3101&#8243; img_size=&#8221;400&#215;250&#8243; alignment=&#8221;center&#8221; style=&#8221;vc_box_shadow_3d&#8221; onclick=&#8221;link_image&#8221;][vc_column_text]The town of Szendr\u0151 (in Borsod-Aba\u00faj- Zempl\u00e9n county) is a settlement located at the gates of the B\u00f3dva valley, on the edge of the Csereh\u00e1t and Aggtelek karst. It is connected to Miskolc (39km) and the country border (27km) by the main road [&hellip;]<\/p>\n","protected":false},"author":1,"featured_media":0,"parent":0,"menu_order":0,"comment_status":"closed","ping_status":"closed","template":"","meta":{"ngg_post_thumbnail":0,"footnotes":""},"class_list":["post-3089","page","type-page","status-publish","hentry"],"yoast_head":"<!-- This site is optimized with the Yoast SEO plugin v27.0 - https:\/\/yoast.com\/product\/yoast-seo-wordpress\/ -->\n<title>Attractions - V\u00e1r-Lak guesthouse<\/title>\n<meta name=\"robots\" content=\"index, follow, max-snippet:-1, max-image-preview:large, max-video-preview:-1\" \/>\n<link rel=\"canonical\" href=\"https:\/\/var-lak.hu\/en\/attractions\/\" \/>\n<meta property=\"og:locale\" content=\"en_US\" \/>\n<meta property=\"og:type\" content=\"article\" \/>\n<meta property=\"og:title\" content=\"Attractions - V\u00e1r-Lak guesthouse\" \/>\n<meta property=\"og:description\" content=\"[vc_row content_placement=&#8221;top&#8221; css=&#8221;.vc_custom_1586521775535{margin-top: 60px !important;margin-bottom: 30px !important;}&#8221;][vc_column width=&#8221;1\/3&#8243;][vc_single_image image=&#8221;3101&#8243; img_size=&#8221;400&#215;250&#8243; alignment=&#8221;center&#8221; style=&#8221;vc_box_shadow_3d&#8221; onclick=&#8221;link_image&#8221;][vc_column_text]The town of Szendr\u0151 (in Borsod-Aba\u00faj- Zempl\u00e9n county) is a settlement located at the gates of the B\u00f3dva valley, on the edge of the Csereh\u00e1t and Aggtelek karst. It is connected to Miskolc (39km) and the country border (27km) by the main road [&hellip;]\" \/>\n<meta property=\"og:url\" content=\"https:\/\/var-lak.hu\/en\/attractions\/\" \/>\n<meta property=\"og:site_name\" content=\"V\u00e1r-Lak Vend\u00e9gh\u00e1z Szendr\u0151\" \/>\n<meta property=\"article:modified_time\" content=\"2022-11-23T19:39:30+00:00\" \/>\n<meta name=\"twitter:card\" content=\"summary_large_image\" \/>\n<meta name=\"twitter:label1\" content=\"Est. reading time\" \/>\n\t<meta name=\"twitter:data1\" content=\"5 minutes\" \/>\n<script type=\"application\/ld+json\" class=\"yoast-schema-graph\">{\"@context\":\"https:\/\/schema.org\",\"@graph\":[{\"@type\":\"WebPage\",\"@id\":\"https:\/\/var-lak.hu\/en\/attractions\/\",\"url\":\"https:\/\/var-lak.hu\/en\/attractions\/\",\"name\":\"Attractions - V\u00e1r-Lak guesthouse\",\"isPartOf\":{\"@id\":\"https:\/\/var-lak.hu\/en\/#website\"},\"datePublished\":\"2020-04-08T16:09:54+00:00\",\"dateModified\":\"2022-11-23T19:39:30+00:00\",\"breadcrumb\":{\"@id\":\"https:\/\/var-lak.hu\/en\/attractions\/#breadcrumb\"},\"inLanguage\":\"en-US\",\"potentialAction\":[{\"@type\":\"ReadAction\",\"target\":[\"https:\/\/var-lak.hu\/en\/attractions\/\"]}]},{\"@type\":\"BreadcrumbList\",\"@id\":\"https:\/\/var-lak.hu\/en\/attractions\/#breadcrumb\",\"itemListElement\":[{\"@type\":\"ListItem\",\"position\":1,\"name\":\"Home\",\"item\":\"https:\/\/var-lak.hu\/en\/home-1\/\"},{\"@type\":\"ListItem\",\"position\":2,\"name\":\"Attractions\"}]},{\"@type\":\"WebSite\",\"@id\":\"https:\/\/var-lak.hu\/en\/#website\",\"url\":\"https:\/\/var-lak.hu\/en\/\",\"name\":\"V\u00e1r-Lak Vend\u00e9gh\u00e1z Szendr\u0151\",\"description\":\"Sz\u00e1ll\u00e1s\",\"potentialAction\":[{\"@type\":\"SearchAction\",\"target\":{\"@type\":\"EntryPoint\",\"urlTemplate\":\"https:\/\/var-lak.hu\/en\/?s={search_term_string}\"},\"query-input\":{\"@type\":\"PropertyValueSpecification\",\"valueRequired\":true,\"valueName\":\"search_term_string\"}}],\"inLanguage\":\"en-US\"}]}<\/script>\n<!-- \/ Yoast SEO plugin. -->","yoast_head_json":{"title":"Attractions - V\u00e1r-Lak guesthouse","robots":{"index":"index","follow":"follow","max-snippet":"max-snippet:-1","max-image-preview":"max-image-preview:large","max-video-preview":"max-video-preview:-1"},"canonical":"https:\/\/var-lak.hu\/en\/attractions\/","og_locale":"en_US","og_type":"article","og_title":"Attractions - V\u00e1r-Lak guesthouse","og_description":"[vc_row content_placement=&#8221;top&#8221; css=&#8221;.vc_custom_1586521775535{margin-top: 60px !important;margin-bottom: 30px !important;}&#8221;][vc_column width=&#8221;1\/3&#8243;][vc_single_image image=&#8221;3101&#8243; img_size=&#8221;400&#215;250&#8243; alignment=&#8221;center&#8221; style=&#8221;vc_box_shadow_3d&#8221; onclick=&#8221;link_image&#8221;][vc_column_text]The town of Szendr\u0151 (in Borsod-Aba\u00faj- Zempl\u00e9n county) is a settlement located at the gates of the B\u00f3dva valley, on the edge of the Csereh\u00e1t and Aggtelek karst. It is connected to Miskolc (39km) and the country border (27km) by the main road [&hellip;]","og_url":"https:\/\/var-lak.hu\/en\/attractions\/","og_site_name":"V\u00e1r-Lak Vend\u00e9gh\u00e1z Szendr\u0151","article_modified_time":"2022-11-23T19:39:30+00:00","twitter_card":"summary_large_image","twitter_misc":{"Est. reading time":"5 minutes"},"schema":{"@context":"https:\/\/schema.org","@graph":[{"@type":"WebPage","@id":"https:\/\/var-lak.hu\/en\/attractions\/","url":"https:\/\/var-lak.hu\/en\/attractions\/","name":"Attractions - V\u00e1r-Lak guesthouse","isPartOf":{"@id":"https:\/\/var-lak.hu\/en\/#website"},"datePublished":"2020-04-08T16:09:54+00:00","dateModified":"2022-11-23T19:39:30+00:00","breadcrumb":{"@id":"https:\/\/var-lak.hu\/en\/attractions\/#breadcrumb"},"inLanguage":"en-US","potentialAction":[{"@type":"ReadAction","target":["https:\/\/var-lak.hu\/en\/attractions\/"]}]},{"@type":"BreadcrumbList","@id":"https:\/\/var-lak.hu\/en\/attractions\/#breadcrumb","itemListElement":[{"@type":"ListItem","position":1,"name":"Home","item":"https:\/\/var-lak.hu\/en\/home-1\/"},{"@type":"ListItem","position":2,"name":"Attractions"}]},{"@type":"WebSite","@id":"https:\/\/var-lak.hu\/en\/#website","url":"https:\/\/var-lak.hu\/en\/","name":"V\u00e1r-Lak Vend\u00e9gh\u00e1z Szendr\u0151","description":"Sz\u00e1ll\u00e1s","potentialAction":[{"@type":"SearchAction","target":{"@type":"EntryPoint","urlTemplate":"https:\/\/var-lak.hu\/en\/?s={search_term_string}"},"query-input":{"@type":"PropertyValueSpecification","valueRequired":true,"valueName":"search_term_string"}}],"inLanguage":"en-US"}]}},"_links":{"self":[{"href":"https:\/\/var-lak.hu\/en\/wp-json\/wp\/v2\/pages\/3089","targetHints":{"allow":["GET"]}}],"collection":[{"href":"https:\/\/var-lak.hu\/en\/wp-json\/wp\/v2\/pages"}],"about":[{"href":"https:\/\/var-lak.hu\/en\/wp-json\/wp\/v2\/types\/page"}],"author":[{"embeddable":true,"href":"https:\/\/var-lak.hu\/en\/wp-json\/wp\/v2\/users\/1"}],"replies":[{"embeddable":true,"href":"https:\/\/var-lak.hu\/en\/wp-json\/wp\/v2\/comments?post=3089"}],"version-history":[{"count":8,"href":"https:\/\/var-lak.hu\/en\/wp-json\/wp\/v2\/pages\/3089\/revisions"}],"predecessor-version":[{"id":3110,"href":"https:\/\/var-lak.hu\/en\/wp-json\/wp\/v2\/pages\/3089\/revisions\/3110"}],"wp:attachment":[{"href":"https:\/\/var-lak.hu\/en\/wp-json\/wp\/v2\/media?parent=3089"}],"curies":[{"name":"wp","href":"https:\/\/api.w.org\/{rel}","templated":true}]}}