{"id":2961,"date":"2017-07-19T08:57:14","date_gmt":"2017-07-19T08:57:14","guid":{"rendered":"https:\/\/var-lak.hu\/vendeghazrol\/"},"modified":"2022-11-23T19:39:47","modified_gmt":"2022-11-23T19:39:47","slug":"about-us","status":"publish","type":"page","link":"https:\/\/var-lak.hu\/en\/about-us\/","title":{"rendered":"About Us"},"content":{"rendered":"<p>[vc_row content_placement=&#8221;top&#8221; css=&#8221;.vc_custom_1586268411539{margin-top: 60px !important;}&#8221;][vc_column width=&#8221;1\/2&#8243;]<div style=\"background-color:;height: 10px\" class=\"nicdark_section  \"><\/div> <h1 style=\"color:;padding:20px;text-align:;font-size:25px;line-height:55px;letter-spacing: px;font-weight:normal\" class=\"  nd_options_text_align_center_responsive_important nd_options_slogan_text nd_options_first_font \">Guesthouse<\/h1> [vc_column_text]The guesthouse consists of 4 well-designed, comfortable living rooms, they have a double bed, 2 single beds or a pull-out bed. Some rooms can be extended with an extra bed on request. 2-2 rooms are separated, the bathroom and the restrooms are shared. The house has an equipped kitchen (gas-cooker, refrigerator, freezer, sink, tea kettle, coffee machine, tableware, cutlery, glasses), pantry and dining area.[\/vc_column_text]<div style=\"background-color:;height: 10px\" class=\"nicdark_section  \"><\/div>[\/vc_column][vc_column width=&#8221;1\/2&#8243;][vc_row_inner][vc_column_inner width=&#8221;1\/2&#8243;]<div style=\"background-color:;height: 10px\" class=\"nicdark_section  \"><\/div>[vc_single_image image=&#8221;3565&#8243; img_size=&#8221;&#8221; alignment=&#8221;center&#8221; style=&#8221;vc_box_shadow_3d&#8221; onclick=&#8221;link_image&#8221;]<div style=\"background-color:;height: 10px\" class=\"nicdark_section  \"><\/div>[\/vc_column_inner][vc_column_inner width=&#8221;1\/2&#8243;]<div style=\"background-color:;height: 10px\" class=\"nicdark_section  \"><\/div>[vc_single_image image=&#8221;3567&#8243; img_size=&#8221;&#8221; alignment=&#8221;center&#8221; style=&#8221;vc_box_shadow_3d&#8221; onclick=&#8221;link_image&#8221;]<div style=\"background-color:;height: 10px\" class=\"nicdark_section  \"><\/div>[\/vc_column_inner][\/vc_row_inner][\/vc_column][\/vc_row][vc_row content_placement=&#8221;top&#8221; css=&#8221;.vc_custom_1585915840486{margin-top: 30px !important;}&#8221;][vc_column width=&#8221;1\/2&#8243;][vc_row_inner][vc_column_inner width=&#8221;1\/2&#8243;]<div style=\"background-color:;height: 10px\" class=\"nicdark_section  \"><\/div>[vc_single_image image=&#8221;3569&#8243; img_size=&#8221;&#8221; alignment=&#8221;center&#8221; style=&#8221;vc_box_shadow_3d&#8221; onclick=&#8221;link_image&#8221;]<div style=\"background-color:;height: 10px\" class=\"nicdark_section  \"><\/div>[\/vc_column_inner][vc_column_inner width=&#8221;1\/2&#8243;]<div style=\"background-color:;height: 10px\" class=\"nicdark_section  \"><\/div>[vc_single_image image=&#8221;3571&#8243; img_size=&#8221;&#8221; alignment=&#8221;center&#8221; style=&#8221;vc_box_shadow_3d&#8221; onclick=&#8221;link_image&#8221;]<div style=\"background-color:;height: 10px\" class=\"nicdark_section  \"><\/div>[\/vc_column_inner][\/vc_row_inner][\/vc_column][vc_column width=&#8221;1\/2&#8243;]<div style=\"background-color:;height: 10px\" class=\"nicdark_section  \"><\/div>[vc_column_text]The house has an extensive, enclosed grassy plot full of trees, bushes and special plants and flowers, which provides an opportunity to carry out many activities outdoors. Guests have at their disposal various garden furniture, football, badminton and other games. There is a puppy on the site who can be tethered, so other pets can be brought in. Seasonal vegetables and fruits can be eaten from the garden. At the house self-catering is possible or home-style food service can be requested, which may contain frying bacon, cooking outdoors, grilling or collecting mushrooms with the hosts. You can read more under the feast menu.[\/vc_column_text]<div style=\"background-color:;height: 10px\" class=\"nicdark_section  \"><\/div>[\/vc_column][\/vc_row][vc_row full_width=&#8221;stretch_row&#8221; parallax=&#8221;content-moving&#8221; parallax_image=&#8221;1951&#8243; css=&#8221;.vc_custom_1585925090204{margin-top: 60px !important;padding-top: 100px !important;padding-bottom: 100px !important;}&#8221; el_class=&#8221;nd_options_vc_parallax_filter_2_2&#8243;][vc_column width=&#8221;8\/12&#8243;]\n\n\n    <div class=\"nd_options_section nd_options_position_relative nd_options_service_about_l5\">\n        <img decoding=\"async\" alt=\"\" class=\"nd_options_position_absolute nd_options_left_0\" width=\"55\" src=\"\">\n        <div class=\"nd_options_section nd_options_padding_left_80 nd_options_box_sizing_border_box\">\n            <h1 class=\"nd_options_font_size_40 nd_options_line_height_50\" style=\"color:#ffffff\"><strong>\u201eYou need rest when you don\u2019t have time for it.\u201d<\/strong><\/h1>\n        <\/div>\n    <\/div>\n\n\n  [\/vc_column][vc_column width=&#8221;4\/12&#8243;][\/vc_column][\/vc_row][vc_row content_placement=&#8221;top&#8221; css=&#8221;.vc_custom_1603270800514{margin-top: 60px !important;margin-bottom: 60px !important;}&#8221;][vc_column width=&#8221;1\/2&#8243;]<div style=\"background-color:;height: 10px\" class=\"nicdark_section  \"><\/div>[vc_row_inner][vc_column_inner width=&#8221;1\/3&#8243;]<div style=\"background-color:;height: 10px\" class=\"nicdark_section  \"><\/div>[vc_single_image image=&#8221;505&#8243; img_size=&#8221;&#8221; add_caption=&#8221;yes&#8221; alignment=&#8221;center&#8221;]<div style=\"background-color:;height: 10px\" class=\"nicdark_section  \"><\/div>[\/vc_column_inner][vc_column_inner width=&#8221;1\/3&#8243;]<div style=\"background-color:;height: 10px\" class=\"nicdark_section  \"><\/div>[vc_single_image image=&#8221;522&#8243; img_size=&#8221;&#8221; add_caption=&#8221;yes&#8221; alignment=&#8221;center&#8221;]<div style=\"background-color:;height: 10px\" class=\"nicdark_section  \"><\/div>[\/vc_column_inner][vc_column_inner width=&#8221;1\/3&#8243;]<div style=\"background-color:;height: 10px\" class=\"nicdark_section  \"><\/div>[vc_single_image image=&#8221;506&#8243; img_size=&#8221;&#8221; add_caption=&#8221;yes&#8221; alignment=&#8221;center&#8221;]<div style=\"background-color:;height: 10px\" class=\"nicdark_section  \"><\/div>[\/vc_column_inner][\/vc_row_inner]<div style=\"background-color:;height: 10px\" class=\"nicdark_section  \"><\/div>[vc_row_inner][vc_column_inner width=&#8221;1\/3&#8243;]<div style=\"background-color:;height: 10px\" class=\"nicdark_section  \"><\/div>[vc_single_image image=&#8221;511&#8243; img_size=&#8221;&#8221; add_caption=&#8221;yes&#8221; alignment=&#8221;center&#8221;]<div style=\"background-color:;height: 10px\" class=\"nicdark_section  \"><\/div>[\/vc_column_inner][vc_column_inner width=&#8221;1\/3&#8243;]<div style=\"background-color:;height: 10px\" class=\"nicdark_section  \"><\/div>[vc_single_image image=&#8221;510&#8243; img_size=&#8221;&#8221; add_caption=&#8221;yes&#8221; alignment=&#8221;center&#8221;]<div style=\"background-color:;height: 10px\" class=\"nicdark_section  \"><\/div>[\/vc_column_inner][vc_column_inner width=&#8221;1\/3&#8243;]<div style=\"background-color:;height: 10px\" class=\"nicdark_section  \"><\/div>[vc_single_image image=&#8221;508&#8243; img_size=&#8221;&#8221; add_caption=&#8221;yes&#8221; alignment=&#8221;center&#8221;]<div style=\"background-color:;height: 10px\" class=\"nicdark_section  \"><\/div>[\/vc_column_inner][\/vc_row_inner]<div style=\"background-color:;height: 20px\" class=\"nicdark_section  \"><\/div>[vc_column_text]<strong>Video about the guesthouse:<\/strong> <a href=\"https:\/\/cbc.virtualtours.city\/?idtour=13382\" target=\"_blank\" rel=\"noopener noreferrer\">https:\/\/cbc.virtualtours.city\/?idtour=13382<\/a>[\/vc_column_text]<div style=\"background-color:;height: 10px\" class=\"nicdark_section  \"><\/div>[\/vc_column][vc_column width=&#8221;1\/2&#8243;]<div style=\"background-color:;height: 10px\" class=\"nicdark_section  \"><\/div>[vc_single_image image=&#8221;3665&#8243; img_size=&#8221;full&#8221; alignment=&#8221;center&#8221; style=&#8221;vc_box_shadow_3d&#8221; onclick=&#8221;link_image&#8221;]<div style=\"background-color:;height: 10px\" class=\"nicdark_section  \"><\/div>[vc_video link=&#8221;https:\/\/youtu.be\/9x8GKWkeqjk&#8221;]<div style=\"background-color:;height: 10px\" class=\"nicdark_section  \"><\/div>[\/vc_column][\/vc_row][vc_row full_width=&#8221;stretch_row&#8221; parallax=&#8221;content-moving&#8221; parallax_image=&#8221;1955&#8243; css=&#8221;.vc_custom_1585926180798{margin-top: 60px !important;padding-top: 100px !important;padding-bottom: 100px !important;}&#8221; el_class=&#8221;nd_options_vc_parallax_filter_2_2&#8243;][vc_column width=&#8221;8\/12&#8243;]\n\n\n    <div class=\"nd_options_section nd_options_position_relative nd_options_service_about_l5\">\n        <img decoding=\"async\" alt=\"\" class=\"nd_options_position_absolute nd_options_left_0\" width=\"55\" src=\"\">\n        <div class=\"nd_options_section nd_options_padding_left_80 nd_options_box_sizing_border_box\">\n            <h1 class=\"nd_options_font_size_40 nd_options_line_height_50\" style=\"color:#ffffff\"><strong>V\u00c1R-LAK in the neighborhood of Aggtelek National Park.<\/strong><\/h1>\n        <\/div>\n    <\/div>\n\n\n  [\/vc_column][vc_column width=&#8221;4\/12&#8243;][\/vc_column][\/vc_row][vc_row css=&#8221;.vc_custom_1585849476389{margin-top: 45px !important;margin-bottom: 45px !important;}&#8221;][vc_column width=&#8221;1\/3&#8243; el_class=&#8221;nd_options_text_align_center&#8221;]<div style=\"background-color:;height: 25px\" class=\"nicdark_section  \"><\/div>\n\n    <div class=\"nd_options_section  nd_options_text_align_center \">\n\n        <img decoding=\"async\" style=\"margin-top:10px\" alt=\"\" width=\"200\" src=\"https:\/\/var-lak.hu\/wp-content\/uploads\/2020\/04\/prima-porta-logo.jpg\">\n\n        <div class=\"nd_options_section nd_options_box_sizing_border_box\">\n            \n            <h3 class=\"  \" style=\"margin:;color:;font-size:px;line-height:px\">Prima porta award<\/h3> \n            <p class=\"nd_options_second_font  \" style=\"margin:15px 0px 15px 0px;color:#727475;font-size:14px;line-height:24px\">``An open porta where local, traditionally produced (organic) products can be bought and consumed. Typically (urban) loyal customers not only have access to high-quality locally produced products, but can also participate in production and leisure programs. It is an important pillar of self-sufficiency of the region.\u201d<\/p> \n            \n\n        <\/div>\n\n    <\/div>\n\n  <div style=\"background-color:;height: 25px\" class=\"nicdark_section  \"><\/div>[\/vc_column][vc_column width=&#8221;1\/3&#8243;]<div style=\"background-color:;height: 25px\" class=\"nicdark_section  \"><\/div>\n\n    <div class=\"nd_options_section  nd_options_text_align_center \">\n\n        <img decoding=\"async\" style=\"margin-top:10px\" alt=\"\" width=\"200\" src=\"https:\/\/var-lak.hu\/wp-content\/uploads\/2020\/04\/szallas-hu-logo.jpg\">\n\n        <div class=\"nd_options_section nd_options_box_sizing_border_box\">\n            \n            <h3 class=\"  \" style=\"margin:;color:;font-size:px;line-height:px\">Szallas.hu<\/h3> \n            <p class=\"nd_options_second_font  \" style=\"margin:15px 0px 15px 0px;color:#727475;font-size:14px;line-height:24px\">Excellent accommodation - based on szallas.hu<\/p> \n            \n\n        <\/div>\n\n    <\/div>\n\n  <div style=\"background-color:;height: 25px\" class=\"nicdark_section  \"><\/div>[\/vc_column][vc_column width=&#8221;1\/3&#8243;]<div style=\"background-color:;height: 25px\" class=\"nicdark_section  \"><\/div>\n\n    <div class=\"nd_options_section  nd_options_text_align_center \">\n\n        <img decoding=\"async\" style=\"margin-top:10px\" alt=\"\" width=\"200\" src=\"https:\/\/var-lak.hu\/wp-content\/uploads\/2020\/04\/booking-com-logo.jpg\">\n\n        <div class=\"nd_options_section nd_options_box_sizing_border_box\">\n            \n            <h3 class=\"  \" style=\"margin:;color:;font-size:px;line-height:px\">Booking.com<\/h3> \n            <p class=\"nd_options_second_font  \" style=\"margin:15px 0px 15px 0px;color:#727475;font-size:14px;line-height:24px\">Booking.com - Preferred Partner<\/p> \n            \n\n        <\/div>\n\n    <\/div>\n\n  <div style=\"background-color:;height: 25px\" class=\"nicdark_section  \"><\/div>[\/vc_column][\/vc_row]<\/p>\n","protected":false},"excerpt":{"rendered":"<p>[vc_row content_placement=&#8221;top&#8221; css=&#8221;.vc_custom_1586268411539{margin-top: 60px !important;}&#8221;][vc_column width=&#8221;1\/2&#8243;][vc_column_text]The guesthouse consists of 4 well-designed, comfortable living rooms, they have a double bed, 2 single beds or a pull-out bed. Some rooms can be extended with an extra bed on request. 2-2 rooms are separated, the bathroom and the restrooms are shared. The house has an equipped kitchen (gas-cooker, [&hellip;]<\/p>\n","protected":false},"author":1,"featured_media":0,"parent":0,"menu_order":0,"comment_status":"closed","ping_status":"closed","template":"","meta":{"ngg_post_thumbnail":0,"footnotes":""},"class_list":["post-2961","page","type-page","status-publish","hentry"],"yoast_head":"<!-- This site is optimized with the Yoast SEO plugin v27.0 - https:\/\/yoast.com\/product\/yoast-seo-wordpress\/ -->\n<title>About Us - V\u00e1r-Lak guesthouse<\/title>\n<meta name=\"robots\" content=\"index, follow, max-snippet:-1, max-image-preview:large, max-video-preview:-1\" \/>\n<link rel=\"canonical\" href=\"https:\/\/var-lak.hu\/en\/about-us\/\" \/>\n<meta property=\"og:locale\" content=\"en_US\" \/>\n<meta property=\"og:type\" content=\"article\" \/>\n<meta property=\"og:title\" content=\"About Us - V\u00e1r-Lak guesthouse\" \/>\n<meta property=\"og:description\" content=\"[vc_row content_placement=&#8221;top&#8221; css=&#8221;.vc_custom_1586268411539{margin-top: 60px !important;}&#8221;][vc_column width=&#8221;1\/2&#8243;][vc_column_text]The guesthouse consists of 4 well-designed, comfortable living rooms, they have a double bed, 2 single beds or a pull-out bed. Some rooms can be extended with an extra bed on request. 2-2 rooms are separated, the bathroom and the restrooms are shared. The house has an equipped kitchen (gas-cooker, [&hellip;]\" \/>\n<meta property=\"og:url\" content=\"https:\/\/var-lak.hu\/en\/about-us\/\" \/>\n<meta property=\"og:site_name\" content=\"V\u00e1r-Lak Vend\u00e9gh\u00e1z Szendr\u0151\" \/>\n<meta property=\"article:modified_time\" content=\"2022-11-23T19:39:47+00:00\" \/>\n<meta name=\"twitter:card\" content=\"summary_large_image\" \/>\n<meta name=\"twitter:label1\" content=\"Est. reading time\" \/>\n\t<meta name=\"twitter:data1\" content=\"3 minutes\" \/>\n<script type=\"application\/ld+json\" class=\"yoast-schema-graph\">{\"@context\":\"https:\/\/schema.org\",\"@graph\":[{\"@type\":\"WebPage\",\"@id\":\"https:\/\/var-lak.hu\/en\/about-us\/\",\"url\":\"https:\/\/var-lak.hu\/en\/about-us\/\",\"name\":\"About Us - V\u00e1r-Lak guesthouse\",\"isPartOf\":{\"@id\":\"https:\/\/var-lak.hu\/en\/#website\"},\"datePublished\":\"2017-07-19T08:57:14+00:00\",\"dateModified\":\"2022-11-23T19:39:47+00:00\",\"breadcrumb\":{\"@id\":\"https:\/\/var-lak.hu\/en\/about-us\/#breadcrumb\"},\"inLanguage\":\"en-US\",\"potentialAction\":[{\"@type\":\"ReadAction\",\"target\":[\"https:\/\/var-lak.hu\/en\/about-us\/\"]}]},{\"@type\":\"BreadcrumbList\",\"@id\":\"https:\/\/var-lak.hu\/en\/about-us\/#breadcrumb\",\"itemListElement\":[{\"@type\":\"ListItem\",\"position\":1,\"name\":\"Home\",\"item\":\"https:\/\/var-lak.hu\/en\/home-1\/\"},{\"@type\":\"ListItem\",\"position\":2,\"name\":\"About Us\"}]},{\"@type\":\"WebSite\",\"@id\":\"https:\/\/var-lak.hu\/en\/#website\",\"url\":\"https:\/\/var-lak.hu\/en\/\",\"name\":\"V\u00e1r-Lak Vend\u00e9gh\u00e1z Szendr\u0151\",\"description\":\"Sz\u00e1ll\u00e1s\",\"potentialAction\":[{\"@type\":\"SearchAction\",\"target\":{\"@type\":\"EntryPoint\",\"urlTemplate\":\"https:\/\/var-lak.hu\/en\/?s={search_term_string}\"},\"query-input\":{\"@type\":\"PropertyValueSpecification\",\"valueRequired\":true,\"valueName\":\"search_term_string\"}}],\"inLanguage\":\"en-US\"}]}<\/script>\n<!-- \/ Yoast SEO plugin. -->","yoast_head_json":{"title":"About Us - V\u00e1r-Lak guesthouse","robots":{"index":"index","follow":"follow","max-snippet":"max-snippet:-1","max-image-preview":"max-image-preview:large","max-video-preview":"max-video-preview:-1"},"canonical":"https:\/\/var-lak.hu\/en\/about-us\/","og_locale":"en_US","og_type":"article","og_title":"About Us - V\u00e1r-Lak guesthouse","og_description":"[vc_row content_placement=&#8221;top&#8221; css=&#8221;.vc_custom_1586268411539{margin-top: 60px !important;}&#8221;][vc_column width=&#8221;1\/2&#8243;][vc_column_text]The guesthouse consists of 4 well-designed, comfortable living rooms, they have a double bed, 2 single beds or a pull-out bed. Some rooms can be extended with an extra bed on request. 2-2 rooms are separated, the bathroom and the restrooms are shared. The house has an equipped kitchen (gas-cooker, [&hellip;]","og_url":"https:\/\/var-lak.hu\/en\/about-us\/","og_site_name":"V\u00e1r-Lak Vend\u00e9gh\u00e1z Szendr\u0151","article_modified_time":"2022-11-23T19:39:47+00:00","twitter_card":"summary_large_image","twitter_misc":{"Est. reading time":"3 minutes"},"schema":{"@context":"https:\/\/schema.org","@graph":[{"@type":"WebPage","@id":"https:\/\/var-lak.hu\/en\/about-us\/","url":"https:\/\/var-lak.hu\/en\/about-us\/","name":"About Us - V\u00e1r-Lak guesthouse","isPartOf":{"@id":"https:\/\/var-lak.hu\/en\/#website"},"datePublished":"2017-07-19T08:57:14+00:00","dateModified":"2022-11-23T19:39:47+00:00","breadcrumb":{"@id":"https:\/\/var-lak.hu\/en\/about-us\/#breadcrumb"},"inLanguage":"en-US","potentialAction":[{"@type":"ReadAction","target":["https:\/\/var-lak.hu\/en\/about-us\/"]}]},{"@type":"BreadcrumbList","@id":"https:\/\/var-lak.hu\/en\/about-us\/#breadcrumb","itemListElement":[{"@type":"ListItem","position":1,"name":"Home","item":"https:\/\/var-lak.hu\/en\/home-1\/"},{"@type":"ListItem","position":2,"name":"About Us"}]},{"@type":"WebSite","@id":"https:\/\/var-lak.hu\/en\/#website","url":"https:\/\/var-lak.hu\/en\/","name":"V\u00e1r-Lak Vend\u00e9gh\u00e1z Szendr\u0151","description":"Sz\u00e1ll\u00e1s","potentialAction":[{"@type":"SearchAction","target":{"@type":"EntryPoint","urlTemplate":"https:\/\/var-lak.hu\/en\/?s={search_term_string}"},"query-input":{"@type":"PropertyValueSpecification","valueRequired":true,"valueName":"search_term_string"}}],"inLanguage":"en-US"}]}},"_links":{"self":[{"href":"https:\/\/var-lak.hu\/en\/wp-json\/wp\/v2\/pages\/2961","targetHints":{"allow":["GET"]}}],"collection":[{"href":"https:\/\/var-lak.hu\/en\/wp-json\/wp\/v2\/pages"}],"about":[{"href":"https:\/\/var-lak.hu\/en\/wp-json\/wp\/v2\/types\/page"}],"author":[{"embeddable":true,"href":"https:\/\/var-lak.hu\/en\/wp-json\/wp\/v2\/users\/1"}],"replies":[{"embeddable":true,"href":"https:\/\/var-lak.hu\/en\/wp-json\/wp\/v2\/comments?post=2961"}],"version-history":[{"count":9,"href":"https:\/\/var-lak.hu\/en\/wp-json\/wp\/v2\/pages\/2961\/revisions"}],"predecessor-version":[{"id":3879,"href":"https:\/\/var-lak.hu\/en\/wp-json\/wp\/v2\/pages\/2961\/revisions\/3879"}],"wp:attachment":[{"href":"https:\/\/var-lak.hu\/en\/wp-json\/wp\/v2\/media?parent=2961"}],"curies":[{"name":"wp","href":"https:\/\/api.w.org\/{rel}","templated":true}]}}