{"id":2949,"date":"2020-10-21T07:50:27","date_gmt":"2020-10-21T07:50:27","guid":{"rendered":"https:\/\/var-lak.hu\/arak\/"},"modified":"2022-11-23T19:40:54","modified_gmt":"2022-11-23T19:40:54","slug":"prices","status":"publish","type":"page","link":"https:\/\/var-lak.hu\/en\/prices\/","title":{"rendered":"Prices"},"content":{"rendered":"<p>[vc_row content_placement=&#8221;top&#8221; css=&#8221;.vc_custom_1603268496281{margin-top: 60px !important;margin-bottom: 60px !important;}&#8221;][vc_column width=&#8221;1\/2&#8243;]<div style=\"background-color:;height: 10px\" class=\"nicdark_section  \"><\/div> <h1 style=\"color:;padding:20px;text-align:;font-size:25px;line-height:55px;letter-spacing: px;font-weight:normal\" class=\"  nd_options_text_align_center_responsive_important nd_options_slogan_text nd_options_first_font \">Prices<\/h1> [vc_column_text]<strong>Summer season:<\/strong><\/p>\n<p>from May 15 until Sept 15<br \/>\nPrices: 4500 HUF + 200 HUF\/person\/night (tourist tax)[\/vc_column_text]<div style=\"background-color:;height: 30px\" class=\"nicdark_section  \"><\/div>[vc_column_text]<strong>Winter season:<\/strong><\/p>\n<p>Prices: 5000 HUF + 200 HUF\/person\/night (tourist tax)<\/p>\n<p>200 HUF\/person\/night tourist tax must be paid over the age of 18 if arriving for tourism.<\/p>\n<p>One night surcharge 500 HUF \/ person \/ night[\/vc_column_text]<div style=\"background-color:;height: 30px\" class=\"nicdark_section  \"><\/div>[vc_column_text]<strong>Discounts:<\/strong><\/p>\n<p>&#8211; Free for children up to 3 years old<br \/>\n&#8211; 50% discount between 3-14 years<br \/>\n&#8211; 5% discount over 5 days of booking<br \/>\n&#8211; 10% discount with Hungarian Tourist Card<br \/>\n&#8211; Hiker card[\/vc_column_text]<div style=\"background-color:;height: 30px\" class=\"nicdark_section  \"><\/div>[vc_column_text]Long weekends must be booked for a minimum of 2 days<\/p>\n<p>We accept SZ\u00c9P card! (OTP, MKB, K&amp;H)<\/p>\n<p>Please indicate this payment method in advance![\/vc_column_text]<div style=\"background-color:;height: 10px\" class=\"nicdark_section  \"><\/div>[\/vc_column][vc_column width=&#8221;1\/2&#8243;][vc_row_inner][vc_column_inner width=&#8221;1\/2&#8243;]<div style=\"background-color:;height: 10px\" class=\"nicdark_section  \"><\/div>[vc_single_image image=&#8221;3550&#8243; img_size=&#8221;&#8221; alignment=&#8221;center&#8221; style=&#8221;vc_box_shadow_3d&#8221; onclick=&#8221;link_image&#8221;]<div style=\"background-color:;height: 10px\" class=\"nicdark_section  \"><\/div>[\/vc_column_inner][vc_column_inner width=&#8221;1\/2&#8243;]<div style=\"background-color:;height: 10px\" class=\"nicdark_section  \"><\/div>[vc_single_image image=&#8221;3556&#8243; img_size=&#8221;&#8221; alignment=&#8221;center&#8221; style=&#8221;vc_box_shadow_3d&#8221; onclick=&#8221;link_image&#8221;]<div style=\"background-color:;height: 10px\" class=\"nicdark_section  \"><\/div>[\/vc_column_inner][\/vc_row_inner][vc_row_inner][vc_column_inner width=&#8221;1\/2&#8243;]<div style=\"background-color:;height: 10px\" class=\"nicdark_section  \"><\/div>[vc_single_image image=&#8221;3567&#8243; img_size=&#8221;&#8221; alignment=&#8221;center&#8221; style=&#8221;vc_box_shadow_3d&#8221; onclick=&#8221;link_image&#8221;]<div style=\"background-color:;height: 10px\" class=\"nicdark_section  \"><\/div>[\/vc_column_inner][vc_column_inner width=&#8221;1\/2&#8243;]<div style=\"background-color:;height: 10px\" class=\"nicdark_section  \"><\/div>[vc_single_image image=&#8221;3804&#8243; img_size=&#8221;&#8221; alignment=&#8221;center&#8221; style=&#8221;vc_box_shadow_3d&#8221; onclick=&#8221;link_image&#8221;]<div style=\"background-color:;height: 10px\" class=\"nicdark_section  \"><\/div>[\/vc_column_inner][\/vc_row_inner][\/vc_column][\/vc_row]<\/p>\n","protected":false},"excerpt":{"rendered":"<p>[vc_row content_placement=&#8221;top&#8221; css=&#8221;.vc_custom_1603268496281{margin-top: 60px !important;margin-bottom: 60px !important;}&#8221;][vc_column width=&#8221;1\/2&#8243;][vc_column_text]Summer season: from May 15 until Sept 15 Prices: 4500 HUF + 200 HUF\/person\/night (tourist tax)[\/vc_column_text][vc_column_text]Winter season: Prices: 5000 HUF + 200 HUF\/person\/night (tourist tax) 200 HUF\/person\/night tourist tax must be paid over the age of 18 if arriving for tourism. One night surcharge 500 HUF \/ person [&hellip;]<\/p>\n","protected":false},"author":1,"featured_media":0,"parent":0,"menu_order":0,"comment_status":"closed","ping_status":"closed","template":"","meta":{"ngg_post_thumbnail":0,"footnotes":""},"class_list":["post-2949","page","type-page","status-publish","hentry"],"yoast_head":"<!-- This site is optimized with the Yoast SEO plugin v27.0 - https:\/\/yoast.com\/product\/yoast-seo-wordpress\/ -->\n<title>Prices - V\u00e1r-Lak Vend\u00e9gh\u00e1z Szendr\u0151<\/title>\n<meta name=\"robots\" content=\"index, follow, max-snippet:-1, max-image-preview:large, max-video-preview:-1\" \/>\n<link rel=\"canonical\" href=\"https:\/\/var-lak.hu\/en\/prices\/\" \/>\n<meta property=\"og:locale\" content=\"en_US\" \/>\n<meta property=\"og:type\" content=\"article\" \/>\n<meta property=\"og:title\" content=\"Prices - V\u00e1r-Lak Vend\u00e9gh\u00e1z Szendr\u0151\" \/>\n<meta property=\"og:description\" content=\"[vc_row content_placement=&#8221;top&#8221; css=&#8221;.vc_custom_1603268496281{margin-top: 60px !important;margin-bottom: 60px !important;}&#8221;][vc_column width=&#8221;1\/2&#8243;][vc_column_text]Summer season: from May 15 until Sept 15 Prices: 4500 HUF + 200 HUF\/person\/night (tourist tax)[\/vc_column_text][vc_column_text]Winter season: Prices: 5000 HUF + 200 HUF\/person\/night (tourist tax) 200 HUF\/person\/night tourist tax must be paid over the age of 18 if arriving for tourism. One night surcharge 500 HUF \/ person [&hellip;]\" \/>\n<meta property=\"og:url\" content=\"https:\/\/var-lak.hu\/en\/prices\/\" \/>\n<meta property=\"og:site_name\" content=\"V\u00e1r-Lak Vend\u00e9gh\u00e1z Szendr\u0151\" \/>\n<meta property=\"article:modified_time\" content=\"2022-11-23T19:40:54+00:00\" \/>\n<meta name=\"twitter:card\" content=\"summary_large_image\" \/>\n<meta name=\"twitter:label1\" content=\"Est. reading time\" \/>\n\t<meta name=\"twitter:data1\" content=\"1 minute\" \/>\n<script type=\"application\/ld+json\" class=\"yoast-schema-graph\">{\"@context\":\"https:\/\/schema.org\",\"@graph\":[{\"@type\":\"WebPage\",\"@id\":\"https:\/\/var-lak.hu\/en\/prices\/\",\"url\":\"https:\/\/var-lak.hu\/en\/prices\/\",\"name\":\"Prices - V\u00e1r-Lak Vend\u00e9gh\u00e1z Szendr\u0151\",\"isPartOf\":{\"@id\":\"https:\/\/var-lak.hu\/en\/#website\"},\"datePublished\":\"2020-10-21T07:50:27+00:00\",\"dateModified\":\"2022-11-23T19:40:54+00:00\",\"breadcrumb\":{\"@id\":\"https:\/\/var-lak.hu\/en\/prices\/#breadcrumb\"},\"inLanguage\":\"en-US\",\"potentialAction\":[{\"@type\":\"ReadAction\",\"target\":[\"https:\/\/var-lak.hu\/en\/prices\/\"]}]},{\"@type\":\"BreadcrumbList\",\"@id\":\"https:\/\/var-lak.hu\/en\/prices\/#breadcrumb\",\"itemListElement\":[{\"@type\":\"ListItem\",\"position\":1,\"name\":\"Home\",\"item\":\"https:\/\/var-lak.hu\/en\/home-1\/\"},{\"@type\":\"ListItem\",\"position\":2,\"name\":\"Prices\"}]},{\"@type\":\"WebSite\",\"@id\":\"https:\/\/var-lak.hu\/en\/#website\",\"url\":\"https:\/\/var-lak.hu\/en\/\",\"name\":\"V\u00e1r-Lak Vend\u00e9gh\u00e1z Szendr\u0151\",\"description\":\"Sz\u00e1ll\u00e1s\",\"potentialAction\":[{\"@type\":\"SearchAction\",\"target\":{\"@type\":\"EntryPoint\",\"urlTemplate\":\"https:\/\/var-lak.hu\/en\/?s={search_term_string}\"},\"query-input\":{\"@type\":\"PropertyValueSpecification\",\"valueRequired\":true,\"valueName\":\"search_term_string\"}}],\"inLanguage\":\"en-US\"}]}<\/script>\n<!-- \/ Yoast SEO plugin. -->","yoast_head_json":{"title":"Prices - V\u00e1r-Lak Vend\u00e9gh\u00e1z Szendr\u0151","robots":{"index":"index","follow":"follow","max-snippet":"max-snippet:-1","max-image-preview":"max-image-preview:large","max-video-preview":"max-video-preview:-1"},"canonical":"https:\/\/var-lak.hu\/en\/prices\/","og_locale":"en_US","og_type":"article","og_title":"Prices - V\u00e1r-Lak Vend\u00e9gh\u00e1z Szendr\u0151","og_description":"[vc_row content_placement=&#8221;top&#8221; css=&#8221;.vc_custom_1603268496281{margin-top: 60px !important;margin-bottom: 60px !important;}&#8221;][vc_column width=&#8221;1\/2&#8243;][vc_column_text]Summer season: from May 15 until Sept 15 Prices: 4500 HUF + 200 HUF\/person\/night (tourist tax)[\/vc_column_text][vc_column_text]Winter season: Prices: 5000 HUF + 200 HUF\/person\/night (tourist tax) 200 HUF\/person\/night tourist tax must be paid over the age of 18 if arriving for tourism. One night surcharge 500 HUF \/ person [&hellip;]","og_url":"https:\/\/var-lak.hu\/en\/prices\/","og_site_name":"V\u00e1r-Lak Vend\u00e9gh\u00e1z Szendr\u0151","article_modified_time":"2022-11-23T19:40:54+00:00","twitter_card":"summary_large_image","twitter_misc":{"Est. reading time":"1 minute"},"schema":{"@context":"https:\/\/schema.org","@graph":[{"@type":"WebPage","@id":"https:\/\/var-lak.hu\/en\/prices\/","url":"https:\/\/var-lak.hu\/en\/prices\/","name":"Prices - V\u00e1r-Lak Vend\u00e9gh\u00e1z Szendr\u0151","isPartOf":{"@id":"https:\/\/var-lak.hu\/en\/#website"},"datePublished":"2020-10-21T07:50:27+00:00","dateModified":"2022-11-23T19:40:54+00:00","breadcrumb":{"@id":"https:\/\/var-lak.hu\/en\/prices\/#breadcrumb"},"inLanguage":"en-US","potentialAction":[{"@type":"ReadAction","target":["https:\/\/var-lak.hu\/en\/prices\/"]}]},{"@type":"BreadcrumbList","@id":"https:\/\/var-lak.hu\/en\/prices\/#breadcrumb","itemListElement":[{"@type":"ListItem","position":1,"name":"Home","item":"https:\/\/var-lak.hu\/en\/home-1\/"},{"@type":"ListItem","position":2,"name":"Prices"}]},{"@type":"WebSite","@id":"https:\/\/var-lak.hu\/en\/#website","url":"https:\/\/var-lak.hu\/en\/","name":"V\u00e1r-Lak Vend\u00e9gh\u00e1z Szendr\u0151","description":"Sz\u00e1ll\u00e1s","potentialAction":[{"@type":"SearchAction","target":{"@type":"EntryPoint","urlTemplate":"https:\/\/var-lak.hu\/en\/?s={search_term_string}"},"query-input":{"@type":"PropertyValueSpecification","valueRequired":true,"valueName":"search_term_string"}}],"inLanguage":"en-US"}]}},"_links":{"self":[{"href":"https:\/\/var-lak.hu\/en\/wp-json\/wp\/v2\/pages\/2949","targetHints":{"allow":["GET"]}}],"collection":[{"href":"https:\/\/var-lak.hu\/en\/wp-json\/wp\/v2\/pages"}],"about":[{"href":"https:\/\/var-lak.hu\/en\/wp-json\/wp\/v2\/types\/page"}],"author":[{"embeddable":true,"href":"https:\/\/var-lak.hu\/en\/wp-json\/wp\/v2\/users\/1"}],"replies":[{"embeddable":true,"href":"https:\/\/var-lak.hu\/en\/wp-json\/wp\/v2\/comments?post=2949"}],"version-history":[{"count":10,"href":"https:\/\/var-lak.hu\/en\/wp-json\/wp\/v2\/pages\/2949\/revisions"}],"predecessor-version":[{"id":2952,"href":"https:\/\/var-lak.hu\/en\/wp-json\/wp\/v2\/pages\/2949\/revisions\/2952"}],"wp:attachment":[{"href":"https:\/\/var-lak.hu\/en\/wp-json\/wp\/v2\/media?parent=2949"}],"curies":[{"name":"wp","href":"https:\/\/api.w.org\/{rel}","templated":true}]}}